{"id":652,"date":"2024-03-24T11:04:08","date_gmt":"2024-03-24T11:04:08","guid":{"rendered":"https:\/\/cubing.life\/?post_type=product&#038;p=652"},"modified":"2025-04-13T05:28:36","modified_gmt":"2025-04-13T05:28:36","slug":"rubiks-cube-intermediate-cfop-1-online","status":"publish","type":"product","link":"https:\/\/cubing.life\/fr\/produit\/rubiks-cube-intermediate-cfop-1-online\/","title":{"rendered":"Rubik\u2019s Cube Foundations of CFOP &#8211; Online"},"content":{"rendered":"<p>Apprenez les m\u00e9thodes et techniques interm\u00e9diaires fondamentales pour optimiser vos r\u00e9solutions et les r\u00e9soudre plus rapidement. R\u00e9solvez les deux premi\u00e8res couches en m\u00eame temps et r\u00e9solvez la derni\u00e8re couche en 2-3 \u00e9tapes rapides.<br \/>Serious students can achieve times under 20 seconds by the end of the course.<\/p>\n<p><strong>Pr\u00e9requis:<\/strong>\u00a0Peux r\u00e9soudre le cube 3x3 avec la m\u00e9thode couche par couche.<\/p>\n<p>This course is taught by Benjamin Kyle.<\/p>\n<p><strong>Duration<\/strong>: 1.5 hours weekly for 10 weeks<\/p>\n<p>Carefully read our <a href=\"https:\/\/cubing.life\/index.php\/group-courses\/\" data-type=\"link\" data-id=\"https:\/\/cubing.life\/index.php\/group-courses\/\">nos cours<\/a> for the current course time and dates, and consult our <a href=\"https:\/\/cubing.life\/frequently-asked-questions\/\">FAQ<\/a> for more information. You may also contact us at info@cubing.life if you have further questions.<\/p>","protected":false},"excerpt":{"rendered":"<p>Learn CFOP, fundamental intermediate methods and techniques to optimize your solves and improve your times.<\/p>","protected":false},"featured_media":212,"comment_status":"open","ping_status":"closed","template":"","meta":{"om_disable_all_campaigns":false,"_monsterinsights_skip_tracking":false,"_monsterinsights_sitenote_active":false,"_monsterinsights_sitenote_note":"","_monsterinsights_sitenote_category":0},"product_cat":[28,27],"product_tag":[34,40,32],"aioseo_notices":[],"jetpack_sharing_enabled":true,"_links":{"self":[{"href":"https:\/\/cubing.life\/fr\/wp-json\/wp\/v2\/product\/652"}],"collection":[{"href":"https:\/\/cubing.life\/fr\/wp-json\/wp\/v2\/product"}],"about":[{"href":"https:\/\/cubing.life\/fr\/wp-json\/wp\/v2\/types\/product"}],"replies":[{"embeddable":true,"href":"https:\/\/cubing.life\/fr\/wp-json\/wp\/v2\/comments?post=652"}],"wp:featuredmedia":[{"embeddable":true,"href":"https:\/\/cubing.life\/fr\/wp-json\/wp\/v2\/media\/212"}],"wp:attachment":[{"href":"https:\/\/cubing.life\/fr\/wp-json\/wp\/v2\/media?parent=652"}],"wp:term":[{"taxonomy":"product_cat","embeddable":true,"href":"https:\/\/cubing.life\/fr\/wp-json\/wp\/v2\/product_cat?post=652"},{"taxonomy":"product_tag","embeddable":true,"href":"https:\/\/cubing.life\/fr\/wp-json\/wp\/v2\/product_tag?post=652"}],"curies":[{"name":"wp","href":"https:\/\/api.w.org\/{rel}","templated":true}]}}