{"id":651,"date":"2024-03-24T10:58:57","date_gmt":"2024-03-24T10:58:57","guid":{"rendered":"https:\/\/cubing.life\/?post_type=product&#038;p=651"},"modified":"2025-06-18T13:33:36","modified_gmt":"2025-06-18T13:33:36","slug":"rubiks-cube-fundamentals-online","status":"publish","type":"product","link":"https:\/\/cubing.life\/fr\/produit\/rubiks-cube-fundamentals-online\/","title":{"rendered":"Rubik\u2019s Cube Fundamentals\u200b &#8211; Online"},"content":{"rendered":"<p>Learn to solve a Rubik\u2019s Cube using the Layer By Layer method.<br \/>Comprenez le fonctionnement interne du cube, entra\u00eenez-vous \u00e0 la coordination \u0153il-main en apprenant des \"fingertricks\", travaillez la reconnaissance des formes, participez \u00e0 des comp\u00e9titions amicales et bien plus encore !<br \/>Solve the cube within one minute by the end of the course.<\/p>\n<p>This course is taught by Benjamin Kyle.<\/p>\n<p><strong>Pr\u00e9requis:<\/strong>\u00a0Aucun<\/p>\n<p><strong>Duration<\/strong>: 1.5 hours weekly for 10 weeks<\/p>\n<p>Carefully read our <a href=\"https:\/\/cubing.life\/index.php\/group-courses\/\" data-type=\"link\" data-id=\"https:\/\/cubing.life\/index.php\/group-courses\/\">nos cours<\/a> for the current course time and dates, and consult our <a href=\"https:\/\/cubing.life\/frequently-asked-questions\/\">FAQ<\/a> for more information. You may also contact us at info@cubing.life if you have further questions.<\/p>","protected":false},"excerpt":{"rendered":"<p>Learn to solve a Rubik\u2019s Cube using the Layer By Layer method. Understand the inner workings of the cube, practice hand-eye coordination by learning fingertricks, work on pattern recognition, compete in friendly competitions and more!<\/p>","protected":false},"featured_media":212,"comment_status":"open","ping_status":"closed","template":"","meta":{"om_disable_all_campaigns":false,"_monsterinsights_skip_tracking":false,"_monsterinsights_sitenote_active":false,"_monsterinsights_sitenote_note":"","_monsterinsights_sitenote_category":0},"product_cat":[28,27],"product_tag":[34,43,40],"aioseo_notices":[],"jetpack_sharing_enabled":true,"_links":{"self":[{"href":"https:\/\/cubing.life\/fr\/wp-json\/wp\/v2\/product\/651"}],"collection":[{"href":"https:\/\/cubing.life\/fr\/wp-json\/wp\/v2\/product"}],"about":[{"href":"https:\/\/cubing.life\/fr\/wp-json\/wp\/v2\/types\/product"}],"replies":[{"embeddable":true,"href":"https:\/\/cubing.life\/fr\/wp-json\/wp\/v2\/comments?post=651"}],"wp:featuredmedia":[{"embeddable":true,"href":"https:\/\/cubing.life\/fr\/wp-json\/wp\/v2\/media\/212"}],"wp:attachment":[{"href":"https:\/\/cubing.life\/fr\/wp-json\/wp\/v2\/media?parent=651"}],"wp:term":[{"taxonomy":"product_cat","embeddable":true,"href":"https:\/\/cubing.life\/fr\/wp-json\/wp\/v2\/product_cat?post=651"},{"taxonomy":"product_tag","embeddable":true,"href":"https:\/\/cubing.life\/fr\/wp-json\/wp\/v2\/product_tag?post=651"}],"curies":[{"name":"wp","href":"https:\/\/api.w.org\/{rel}","templated":true}]}}