{"id":56,"date":"2024-02-20T13:32:42","date_gmt":"2024-02-20T13:32:42","guid":{"rendered":"https:\/\/cubing.life\/index.php\/contact-us\/"},"modified":"2024-08-31T14:04:49","modified_gmt":"2024-08-31T14:04:49","slug":"connect","status":"publish","type":"page","link":"https:\/\/cubing.life\/fr\/connect\/","title":{"rendered":"Contact"},"content":{"rendered":"<div data-elementor-type=\"wp-page\" data-elementor-id=\"56\" class=\"elementor elementor-56\">\n\t\t\t\t<div class=\"elementor-element elementor-element-24c16cf6 e-flex e-con-boxed e-con e-parent\" data-id=\"24c16cf6\" data-element_type=\"container\">\n\t\t\t\t\t<div class=\"e-con-inner\">\n\t\t<div class=\"elementor-element elementor-element-71f79242 e-con-full e-flex e-con e-child\" data-id=\"71f79242\" data-element_type=\"container\">\n\t\t\t\t<div class=\"elementor-element elementor-element-4083a1f8 elementor-widget__width-inherit elementor-invisible elementor-widget elementor-widget-heading\" data-id=\"4083a1f8\" data-element_type=\"widget\" data-settings=\"{&quot;_animation&quot;:&quot;fadeIn&quot;}\" data-widget_type=\"heading.default\">\n\t\t\t\t<div class=\"elementor-widget-container\">\n\t\t\t<h2 class=\"elementor-heading-title elementor-size-default\">Contactez-nous<\/h2>\t\t<\/div>\n\t\t\t\t<\/div>\n\t\t\t\t<div class=\"elementor-element elementor-element-6eec4499 elementor-widget elementor-widget-text-editor\" data-id=\"6eec4499\" data-element_type=\"widget\" data-widget_type=\"text-editor.default\">\n\t\t\t\t<div class=\"elementor-widget-container\">\n\t\t\t\t\t\t\t<p>Contactez-nous pour en savoir plus au propos l'Acad\u00e9mie Cubing Life, nos activit\u00e9s ou pour s'inscrire \u00e0 nos cours.<\/p>\n<p>For course specific enquiries, you may also use the contact form available in the <a href=\"https:\/\/cubing.life\/fr\/index.php\/courses\/\">courses tab<\/a>.<\/p>\n<p>Subscribe to our email mailing list to receive regular updates below.<\/p>\n<p><span style=\"color: #ffffff; font-weight: bold; text-align: var(--text-align); background-color: var( --e-global-color-c696dce ); font-family: -apple-system, BlinkMacSystemFont, 'Segoe UI', Roboto, 'Helvetica Neue', Arial, 'Noto Sans', sans-serif, 'Apple Color Emoji', 'Segoe UI Emoji', 'Segoe UI Symbol', 'Noto Color Emoji'; font-size: 1rem;\">14 619 6899<\/span><\/p>\t\t\t\t\t\t<\/div>\n\t\t\t\t<\/div>\n\t\t<div class=\"elementor-element elementor-element-1c61712 e-flex e-con-boxed e-con e-child\" data-id=\"1c61712\" data-element_type=\"container\">\n\t\t\t\t\t<div class=\"e-con-inner\">\n\t\t<div class=\"elementor-element elementor-element-485c97c e-con-full e-flex e-con e-child\" data-id=\"485c97c\" data-element_type=\"container\">\n\t\t\t\t<div class=\"elementor-element elementor-element-78e6e32 elementor-widget elementor-widget-text-editor\" data-id=\"78e6e32\" data-element_type=\"widget\" data-widget_type=\"text-editor.default\">\n\t\t\t\t<div class=\"elementor-widget-container\">\n\t\t\t\t\t\t\t<p><strong>Courriel: <\/strong>info@cubing.life<\/p><p><b>T\u00e9l\u00e9phone<\/b>: <span class=\"OYPEnA text-decoration-none text-strikethrough-none\">514-619-6899<\/span><span style=\"color: #ffffff; font-weight: bold; text-align: var(--text-align); background-color: var( --e-global-color-c696dce ); font-family: -apple-system, BlinkMacSystemFont, 'Segoe UI', Roboto, 'Helvetica Neue', Arial, 'Noto Sans', sans-serif, 'Apple Color Emoji', 'Segoe UI Emoji', 'Segoe UI Symbol', 'Noto Color Emoji'; font-size: 1rem;\">5<\/span><\/p><p><strong>Addresse<\/strong> <span class=\"OYPEnA text-decoration-none text-strikethrough-none\">4335 Hampton Ave, Montreal, Quebec<\/span><\/p>\t\t\t\t\t\t<\/div>\n\t\t\t\t<\/div>\n\t\t<div class=\"elementor-element elementor-element-3d0232e e-flex e-con-boxed e-con e-child\" data-id=\"3d0232e\" data-element_type=\"container\">\n\t\t\t\t\t<div class=\"e-con-inner\">\n\t\t\t\t<div class=\"elementor-element elementor-element-aabb653 elementor-shape-rounded elementor-grid-0 e-grid-align-center elementor-widget elementor-widget-social-icons\" data-id=\"aabb653\" data-element_type=\"widget\" data-widget_type=\"social-icons.default\">\n\t\t\t\t<div class=\"elementor-widget-container\">\n\t\t\t\t\t<div class=\"elementor-social-icons-wrapper elementor-grid\">\n\t\t\t\t\t\t\t<span class=\"elementor-grid-item\">\n\t\t\t\t\t<a class=\"elementor-icon elementor-social-icon elementor-social-icon-envelope elementor-repeater-item-924ab8e\" href=\"mailto:info@cubing.life\" target=\"_blank\">\n\t\t\t\t\t\t<span class=\"elementor-screen-only\">Envelope<\/span>\n\t\t\t\t\t\t<svg class=\"e-font-icon-svg e-fas-envelope\" viewbox=\"0 0 512 512\" xmlns=\"http:\/\/www.w3.org\/2000\/svg\"><path d=\"M502.3 190.8c3.9-3.1 9.7-.2 9.7 4.7V400c0 26.5-21.5 48-48 48H48c-26.5 0-48-21.5-48-48V195.6c0-5 5.7-7.8 9.7-4.7 22.4 17.4 52.1 39.5 154.1 113.6 21.1 15.4 56.7 47.8 92.2 47.6 35.7.3 72-32.8 92.3-47.6 102-74.1 131.6-96.3 154-113.7zM256 320c23.2.4 56.6-29.2 73.4-41.4 132.7-96.3 142.8-104.7 173.4-128.7 5.8-4.5 9.2-11.5 9.2-18.9v-19c0-26.5-21.5-48-48-48H48C21.5 64 0 85.5 0 112v19c0 7.4 3.4 14.3 9.2 18.9 30.6 23.9 40.7 32.4 173.4 128.7 16.8 12.2 50.2 41.8 73.4 41.4z\"><\/path><\/svg>\t\t\t\t\t<\/a>\n\t\t\t\t<\/span>\n\t\t\t\t\t\t\t<span class=\"elementor-grid-item\">\n\t\t\t\t\t<a class=\"elementor-icon elementor-social-icon elementor-social-icon-facebook elementor-repeater-item-5010c88\" href=\"https:\/\/www.facebook.com\/profile.php?id=61556540557140\" target=\"_blank\">\n\t\t\t\t\t\t<span class=\"elementor-screen-only\">Facebook<\/span>\n\t\t\t\t\t\t<svg class=\"e-font-icon-svg e-fab-facebook\" viewbox=\"0 0 512 512\" xmlns=\"http:\/\/www.w3.org\/2000\/svg\"><path d=\"M504 256C504 119 393 8 256 8S8 119 8 256c0 123.78 90.69 226.38 209.25 245V327.69h-63V256h63v-54.64c0-62.15 37-96.48 93.67-96.48 27.14 0 55.52 4.84 55.52 4.84v61h-31.28c-30.8 0-40.41 19.12-40.41 38.73V256h68.78l-11 71.69h-57.78V501C413.31 482.38 504 379.78 504 256z\"><\/path><\/svg>\t\t\t\t\t<\/a>\n\t\t\t\t<\/span>\n\t\t\t\t\t\t\t<span class=\"elementor-grid-item\">\n\t\t\t\t\t<a class=\"elementor-icon elementor-social-icon elementor-social-icon-instagram elementor-repeater-item-7aaa3b1\" href=\"https:\/\/www.instagram.com\/cubinglifeacademy\/\" target=\"_blank\">\n\t\t\t\t\t\t<span class=\"elementor-screen-only\">Instagram<\/span>\n\t\t\t\t\t\t<svg class=\"e-font-icon-svg e-fab-instagram\" viewbox=\"0 0 448 512\" xmlns=\"http:\/\/www.w3.org\/2000\/svg\"><path d=\"M224.1 141c-63.6 0-114.9 51.3-114.9 114.9s51.3 114.9 114.9 114.9S339 319.5 339 255.9 287.7 141 224.1 141zm0 189.6c-41.1 0-74.7-33.5-74.7-74.7s33.5-74.7 74.7-74.7 74.7 33.5 74.7 74.7-33.6 74.7-74.7 74.7zm146.4-194.3c0 14.9-12 26.8-26.8 26.8-14.9 0-26.8-12-26.8-26.8s12-26.8 26.8-26.8 26.8 12 26.8 26.8zm76.1 27.2c-1.7-35.9-9.9-67.7-36.2-93.9-26.2-26.2-58-34.4-93.9-36.2-37-2.1-147.9-2.1-184.9 0-35.8 1.7-67.6 9.9-93.9 36.1s-34.4 58-36.2 93.9c-2.1 37-2.1 147.9 0 184.9 1.7 35.9 9.9 67.7 36.2 93.9s58 34.4 93.9 36.2c37 2.1 147.9 2.1 184.9 0 35.9-1.7 67.7-9.9 93.9-36.2 26.2-26.2 34.4-58 36.2-93.9 2.1-37 2.1-147.8 0-184.8zM398.8 388c-7.8 19.6-22.9 34.7-42.6 42.6-29.5 11.7-99.5 9-132.1 9s-102.7 2.6-132.1-9c-19.6-7.8-34.7-22.9-42.6-42.6-11.7-29.5-9-99.5-9-132.1s-2.6-102.7 9-132.1c7.8-19.6 22.9-34.7 42.6-42.6 29.5-11.7 99.5-9 132.1-9s102.7-2.6 132.1 9c19.6 7.8 34.7 22.9 42.6 42.6 11.7 29.5 9 99.5 9 132.1s2.7 102.7-9 132.1z\"><\/path><\/svg>\t\t\t\t\t<\/a>\n\t\t\t\t<\/span>\n\t\t\t\t\t\t\t<span class=\"elementor-grid-item\">\n\t\t\t\t\t<a class=\"elementor-icon elementor-social-icon elementor-social-icon-youtube elementor-repeater-item-83004e1\" href=\"https:\/\/www.youtube.com\/channel\/UCol_g5FQaT-DWVSJI3NzFhw\" target=\"_blank\">\n\t\t\t\t\t\t<span class=\"elementor-screen-only\">Youtube<\/span>\n\t\t\t\t\t\t<svg class=\"e-font-icon-svg e-fab-youtube\" viewbox=\"0 0 576 512\" xmlns=\"http:\/\/www.w3.org\/2000\/svg\"><path d=\"M549.655 124.083c-6.281-23.65-24.787-42.276-48.284-48.597C458.781 64 288 64 288 64S117.22 64 74.629 75.486c-23.497 6.322-42.003 24.947-48.284 48.597-11.412 42.867-11.412 132.305-11.412 132.305s0 89.438 11.412 132.305c6.281 23.65 24.787 41.5 48.284 47.821C117.22 448 288 448 288 448s170.78 0 213.371-11.486c23.497-6.321 42.003-24.171 48.284-47.821 11.412-42.867 11.412-132.305 11.412-132.305s0-89.438-11.412-132.305zm-317.51 213.508V175.185l142.739 81.205-142.739 81.201z\"><\/path><\/svg>\t\t\t\t\t<\/a>\n\t\t\t\t<\/span>\n\t\t\t\t\t\t\t<span class=\"elementor-grid-item\">\n\t\t\t\t\t<a class=\"elementor-icon elementor-social-icon elementor-social-icon- elementor-repeater-item-d184a49\" href=\"https:\/\/discord.gg\/Mv7dn4RrmH\" target=\"_blank\">\n\t\t\t\t\t\t<span class=\"elementor-screen-only\"><\/span>\n\t\t\t\t\t\t<svg xmlns=\"http:\/\/www.w3.org\/2000\/svg\" xmlns:xlink=\"http:\/\/www.w3.org\/1999\/xlink\" width=\"800px\" height=\"800px\" viewbox=\"0 -28.5 256 256\" preserveaspectratio=\"xMidYMid\"><g><path d=\"M216.856339,16.5966031 C200.285002,8.84328665 182.566144,3.2084988 164.041564,0 C161.766523,4.11318106 159.108624,9.64549908 157.276099,14.0464379 C137.583995,11.0849896 118.072967,11.0849896 98.7430163,14.0464379 C96.9108417,9.64549908 94.1925838,4.11318106 91.8971895,0 C73.3526068,3.2084988 55.6133949,8.86399117 39.0420583,16.6376612 C5.61752293,67.146514 -3.4433191,116.400813 1.08711069,164.955721 C23.2560196,181.510915 44.7403634,191.567697 65.8621325,198.148576 C71.0772151,190.971126 75.7283628,183.341335 79.7352139,175.300261 C72.104019,172.400575 64.7949724,168.822202 57.8887866,164.667963 C59.7209612,163.310589 61.5131304,161.891452 63.2445898,160.431257 C105.36741,180.133187 151.134928,180.133187 192.754523,160.431257 C194.506336,161.891452 196.298154,163.310589 198.110326,164.667963 C191.183787,168.842556 183.854737,172.420929 176.223542,175.320965 C180.230393,183.341335 184.861538,190.991831 190.096624,198.16893 C211.238746,191.588051 232.743023,181.531619 254.911949,164.955721 C260.227747,108.668201 245.831087,59.8662432 216.856339,16.5966031 Z M85.4738752,135.09489 C72.8290281,135.09489 62.4592217,123.290155 62.4592217,108.914901 C62.4592217,94.5396472 72.607595,82.7145587 85.4738752,82.7145587 C98.3405064,82.7145587 108.709962,94.5189427 108.488529,108.914901 C108.508531,123.290155 98.3405064,135.09489 85.4738752,135.09489 Z M170.525237,135.09489 C157.88039,135.09489 147.510584,123.290155 147.510584,108.914901 C147.510584,94.5396472 157.658606,82.7145587 170.525237,82.7145587 C183.391518,82.7145587 193.761324,94.5189427 193.539891,108.914901 C193.539891,123.290155 183.391518,135.09489 170.525237,135.09489 Z\" fill=\"#5865F2\" fill-rule=\"nonzero\"><\/path><\/g><\/svg>\t\t\t\t\t<\/a>\n\t\t\t\t<\/span>\n\t\t\t\t\t<\/div>\n\t\t\t\t<\/div>\n\t\t\t\t<\/div>\n\t\t\t\t\t<\/div>\n\t\t\t\t<\/div>\n\t\t\t\t<\/div>\n\t\t<div class=\"elementor-element elementor-element-30de2a6 e-con-full e-flex e-con e-child\" data-id=\"30de2a6\" data-element_type=\"container\">\n\t\t\t\t<div class=\"elementor-element elementor-element-0d329c1 elementor-widget elementor-widget-image\" data-id=\"0d329c1\" data-element_type=\"widget\" data-widget_type=\"image.default\">\n\t\t\t\t<div class=\"elementor-widget-container\">\n\t\t\t\t\t\t\t\t\t\t\t\t\t<img fetchpriority=\"high\" decoding=\"async\" data-attachment-id=\"457\" data-permalink=\"https:\/\/cubing.life\/fr\/?attachment_id=457\" data-orig-file=\"https:\/\/cubing.life\/wp-content\/uploads\/2024\/02\/full_logo_white_en.png\" data-orig-size=\"1124,486\" data-comments-opened=\"0\" data-image-meta=\"{&quot;aperture&quot;:&quot;0&quot;,&quot;credit&quot;:&quot;&quot;,&quot;camera&quot;:&quot;&quot;,&quot;caption&quot;:&quot;&quot;,&quot;created_timestamp&quot;:&quot;0&quot;,&quot;copyright&quot;:&quot;&quot;,&quot;focal_length&quot;:&quot;0&quot;,&quot;iso&quot;:&quot;0&quot;,&quot;shutter_speed&quot;:&quot;0&quot;,&quot;title&quot;:&quot;&quot;,&quot;orientation&quot;:&quot;0&quot;}\" data-image-title=\"full_logo_white_en\" data-image-description=\"\" data-image-caption=\"\" data-medium-file=\"https:\/\/cubing.life\/wp-content\/uploads\/2024\/02\/full_logo_white_en-300x130.png\" data-large-file=\"https:\/\/cubing.life\/wp-content\/uploads\/2024\/02\/full_logo_white_en-1024x443.png\" tabindex=\"0\" role=\"button\" width=\"800\" height=\"346\" src=\"https:\/\/cubing.life\/wp-content\/uploads\/2024\/02\/full_logo_white_en-1024x443.png\" class=\"attachment-large size-large wp-image-457\" alt=\"\" srcset=\"https:\/\/cubing.life\/wp-content\/uploads\/2024\/02\/full_logo_white_en-1024x443.png 1024w, https:\/\/cubing.life\/wp-content\/uploads\/2024\/02\/full_logo_white_en-600x259.png 600w, https:\/\/cubing.life\/wp-content\/uploads\/2024\/02\/full_logo_white_en-300x130.png 300w, https:\/\/cubing.life\/wp-content\/uploads\/2024\/02\/full_logo_white_en-768x332.png 768w, https:\/\/cubing.life\/wp-content\/uploads\/2024\/02\/full_logo_white_en-18x8.png 18w, https:\/\/cubing.life\/wp-content\/uploads\/2024\/02\/full_logo_white_en.png 1124w\" sizes=\"(max-width: 800px) 100vw, 800px\" \/>\t\t\t\t\t\t\t\t\t\t\t\t\t<\/div>\n\t\t\t\t<\/div>\n\t\t\t\t<\/div>\n\t\t\t\t\t<\/div>\n\t\t\t\t<\/div>\n\t\t<div class=\"elementor-element elementor-element-b2fbe50 e-con-full e-flex e-con e-child\" data-id=\"b2fbe50\" data-element_type=\"container\">\n\t\t\t\t<div class=\"elementor-element elementor-element-2215a1e elementor-widget elementor-widget-spacer\" data-id=\"2215a1e\" data-element_type=\"widget\" data-widget_type=\"spacer.default\">\n\t\t\t\t<div class=\"elementor-widget-container\">\n\t\t\t\t\t<div class=\"elementor-spacer\">\n\t\t\t<div class=\"elementor-spacer-inner\"><\/div>\n\t\t<\/div>\n\t\t\t\t<\/div>\n\t\t\t\t<\/div>\n\t\t\t\t<div class=\"elementor-element elementor-element-f8c7183 elementor-widget elementor-widget-text-editor\" data-id=\"f8c7183\" data-element_type=\"widget\" data-widget_type=\"text-editor.default\">\n\t\t\t\t<div class=\"elementor-widget-container\">\n\t\t\t\t\t\t\t<p><strong>Abonnez-vous<\/strong><\/p>\n<p>Remplissez vos coordonn\u00e9es pour recevoir toutes les nouvelles informations sur les cours, activit\u00e9s et \u00e9v\u00e9nements de l'Acad\u00e9mie Cubing Life. Vous pouvez annuler \u00e0 tout moment.<\/p>\n<p><em><span style=\"text-align: var(--text-align); background-color: var( --e-global-color-c696dce ); font-family: -apple-system, BlinkMacSystemFont, 'Segoe UI', Roboto, 'Helvetica Neue', Arial, 'Noto Sans', sans-serif, 'Apple Color Emoji', 'Segoe UI Emoji', 'Segoe UI Symbol', 'Noto Color Emoji'; font-size: 1rem;\">Notez que Gmail classifie parfois nos lettres comme promotion. Assurez-vous de v\u00e9rifier \u00e0 cet endroit si vous ne recevez pas de messages.<\/span><\/em><\/p><p><em><span style=\"text-align: var(--text-align); background-color: var( --e-global-color-c696dce ); font-family: -apple-system, BlinkMacSystemFont, 'Segoe UI', Roboto, 'Helvetica Neue', Arial, 'Noto Sans', sans-serif, 'Apple Color Emoji', 'Segoe UI Emoji', 'Segoe UI Symbol', 'Noto Color Emoji'; font-size: 1rem;\"><br><\/span><\/em><\/p>\t\t\t\t\t\t<\/div>\n\t\t\t\t<\/div>\n\t\t\t\t<div class=\"elementor-element elementor-element-656582e elementor-widget elementor-widget-html\" data-id=\"656582e\" data-element_type=\"widget\" data-widget_type=\"html.default\">\n\t\t\t\t<div class=\"elementor-widget-container\">\n\t\t\t<div id=\"mc_embed_shell\">\n      <link href=\"\/\/cdn-images.mailchimp.com\/embedcode\/classic-061523.css\" rel=\"stylesheet\" type=\"text\/css\">\n  <style type=\"text\/css\">\n        #mc_embed_signup{background:#fff; false;clear:left; font:14px Helvetica,Arial,sans-serif; width: 600px;}\n        \/* Add your own Mailchimp form style overrides in your site stylesheet or in this style block.\n           We recommend moving this block and the preceding CSS link to the HEAD of your HTML file. *\/\n<\/style>\n<div id=\"mc_embed_signup\">\n    <form action=\"https:\/\/life.us18.list-manage.com\/subscribe\/post?u=a3686c84fd76cf9ae608f7d73&#038;id=8f9203aaa5&#038;f_id=00f535e1f0\" method=\"post\" id=\"mc-embedded-subscribe-form\" name=\"mc-embedded-subscribe-form\" class=\"validate\" target=\"_blank\" data-trp-original-action=\"https:\/\/life.us18.list-manage.com\/subscribe\/post?u=a3686c84fd76cf9ae608f7d73&amp;id=8f9203aaa5&amp;f_id=00f535e1f0\">\n        <div id=\"mc_embed_signup_scroll\">\n            <div class=\"indicates-required\"><span class=\"asterisk\">*<\/span> informations obligatoires<\/div>\n            <div class=\"mc-field-group\"><label for=\"mce-EMAIL\">Adresse courriel <span class=\"asterisk\">*<\/span><\/label><input type=\"email\" name=\"EMAIL\" class=\"required email\" id=\"mce-EMAIL\" required=\"\" value=\"\"><\/div><div class=\"mc-field-group\"><label for=\"mce-FNAME\">Pr\u00e9nom <\/label><input type=\"text\" name=\"FNAME\" class=\"text\" id=\"mce-FNAME\" value=\"\"><\/div><div class=\"mc-field-group\"><label for=\"mce-LNAME\">Nom <\/label><input type=\"text\" name=\"LNAME\" class=\"text\" id=\"mce-LNAME\" value=\"\"><\/div><div class=\"mc-field-group input-group\"><strong>Je suis... <span class=\"asterisk\">*<\/span><\/strong><ul><li><input type=\"radio\" name=\"ROLE\" id=\"mce-ROLE0\" value=\"Already a cuber\"><label for=\"mce-ROLE0\">D\u00e9j\u00e0 un cubeur<\/label><\/li><li><input type=\"radio\" name=\"ROLE\" id=\"mce-ROLE1\" value=\"Can't solve yet, but interested\"><label for=\"mce-ROLE1\">Je ne peux pas encore r\u00e9soudre, mais int\u00e9ress\u00e9 d'apprendre!<\/label><\/li><li><input type=\"radio\" name=\"ROLE\" id=\"mce-ROLE2\" value=\"Parent\"><label for=\"mce-ROLE2\">Parent<\/label><\/li><li><input type=\"radio\" name=\"ROLE\" id=\"mce-ROLE3\" value=\"Other\"><label for=\"mce-ROLE3\">Autre<\/label><\/li><\/ul><\/div><div class=\"mc-field-group input-group\"><strong>Votre emplacement <span class=\"asterisk\">*<\/span><\/strong><ul><li><input type=\"radio\" name=\"LOCATION\" id=\"mce-LOCATION0\" value=\"Montreal area\"><label for=\"mce-LOCATION0\">R\u00e9gion de Montr\u00e9al<\/label><\/li><li><input type=\"radio\" name=\"LOCATION\" id=\"mce-LOCATION1\" value=\"Canada\"><label for=\"mce-LOCATION1\">Canada<\/label><\/li><li><input type=\"radio\" name=\"LOCATION\" id=\"mce-LOCATION2\" value=\"USA\"><label for=\"mce-LOCATION2\">\u00c9-U<\/label><\/li><li><input type=\"radio\" name=\"LOCATION\" id=\"mce-LOCATION3\" value=\"Other\"><label for=\"mce-LOCATION3\">Autre<\/label><\/li><\/ul><\/div><div class=\"mc-field-group\"><label for=\"mce-INTEREST1\">Le suivant m'int\u00e9resse particuli\u00e8rement <\/label><select name=\"INTEREST1\" class=\"\" id=\"mce-INTEREST1\"><option value=\"\"><\/option><option value=\"Courses (group)\">Cours de groupe<\/option><option value=\"Coaching (individual)\">Cours individuels<\/option><option value=\"Regular meetups\">Rencontres de cubeurs<\/option><option value=\"Cuber seminars\">S\u00e9minaires par cubeurs de haut calibre<\/option><option value=\"Cubing camps\">Camps de cube<\/option><option value=\"Other cubing related events\">Autres activit\u00e9s en lien avec le cube<\/option><\/select><\/div><div class=\"mc-field-group\"><label for=\"mce-INTEREST2\">Le suivant m'int\u00e9resse aussi... <\/label><select name=\"INTEREST2\" class=\"\" id=\"mce-INTEREST2\"><option value=\"\"><\/option><option value=\"Courses (group)\">Cours de groupe<\/option><option value=\"Coaching (individual)\">Cours individuels<\/option><option value=\"Regular meetups\">Rencontres de cubeurs<\/option><option value=\"Cuber seminars\">S\u00e9minaires par cubeurs de haut calibre<\/option><option value=\"Cubing camps\">Camps de cube<\/option><option value=\"Other cubing related events\">Autres activit\u00e9s en lien avec le cube<\/option><\/select><\/div>\n<div hidden=\"\"><input type=\"hidden\" name=\"tags\" value=\"893309\"><\/div>\n        <div id=\"mce-responses\" class=\"clear foot\">\n            <div class=\"response\" id=\"mce-error-response\" style=\"display: none;\"><\/div>\n            <div class=\"response\" id=\"mce-success-response\" style=\"display: none;\"><\/div>\n        <\/div>\n    <div aria-hidden=\"true\" style=\"position: absolute; left: -5000px;\">\n        \/* real people should not fill this in and expect good things - do not remove this or risk form bot signups *\/\n        <input type=\"text\" name=\"b_a3686c84fd76cf9ae608f7d73_8f9203aaa5\" tabindex=\"-1\" value=\"\">\n    <\/div>\n        <div class=\"optionalParent\">\n            <div class=\"clear foot\">\n                <input type=\"submit\" name=\"subscribe\" id=\"mc-embedded-subscribe\" class=\"button\" value=\"Abonnez-vous\">\n                <p style=\"margin: 0px auto;\"><a href=\"http:\/\/eepurl.com\/iKK7S-\" title=\"Mailchimp\"><span style=\"display: inline-block; background-color: transparent; border-radius: 4px;\"><img decoding=\"async\" class=\"refferal_badge\" src=\"https:\/\/digitalasset.intuit.com\/render\/content\/dam\/intuit\/mc-fe\/en_us\/images\/intuit-mc-rewards-text-dark.svg\" alt=\"Intuit Mailchimp\" style=\"width: 220px; height: 40px; display: flex; padding: 2px 0px; justify-content: center; align-items: center;\"><\/span><\/a><\/p>\n            <\/div>\n        <\/div>\n    <\/div>\n<input type=\"hidden\" name=\"trp-form-language\" value=\"fr\"\/><\/form>\n<\/div>\n<script type=\"text\/javascript\" src=\"\/\/s3.amazonaws.com\/downloads.mailchimp.com\/js\/mc-validate.js\"><\/script><script type=\"text\/javascript\">(function($) {window.fnames = new Array(); window.ftypes = new Array();fnames[0]='EMAIL';ftypes[0]='email';fnames[1]='FNAME';ftypes[1]='text';fnames[2]='LNAME';ftypes[2]='text';fnames[9]='ROLE';ftypes[9]='radio';fnames[12]='LOCATION';ftypes[12]='radio';fnames[13]='INTEREST1';ftypes[13]='dropdown';fnames[14]='INTEREST2';ftypes[14]='dropdown';fnames[6]='ENGLISH';ftypes[6]='radio';fnames[7]='FRENCH';ftypes[7]='radio';fnames[8]='CHINESE';ftypes[8]='radio';fnames[10]='COURSETYPE';ftypes[10]='text';fnames[11]='PRICE';ftypes[11]='number';}(jQuery));var $mcj = jQuery.noConflict(true);<\/script><\/div>\n\t\t<\/div>\n\t\t\t\t<\/div>\n\t\t\t\t<\/div>\n\t\t\t\t<\/div>\n\t\t\t\t\t<\/div>\n\t\t\t\t<\/div>\n\t\t\t\t<\/div>","protected":false},"excerpt":{"rendered":"<p>Contact Us Please contact us for further information about us, our activities or to register for courses. For course specific enquiries, you may also use the contact form available in the courses tab. Subscribe to our email mailing list to receive regular updates below. 14 619 6899 Email: info@cubing.life Phone: 514-619-68995 Address: 4335 Hampton Ave, [&hellip;]<\/p>","protected":false},"author":1,"featured_media":0,"parent":0,"menu_order":0,"comment_status":"closed","ping_status":"closed","template":"elementor_header_footer","meta":{"om_disable_all_campaigns":false,"_monsterinsights_skip_tracking":false,"_monsterinsights_sitenote_active":false,"_monsterinsights_sitenote_note":"","_monsterinsights_sitenote_category":0,"footnotes":""},"aioseo_notices":[],"jetpack_sharing_enabled":true,"_links":{"self":[{"href":"https:\/\/cubing.life\/fr\/wp-json\/wp\/v2\/pages\/56"}],"collection":[{"href":"https:\/\/cubing.life\/fr\/wp-json\/wp\/v2\/pages"}],"about":[{"href":"https:\/\/cubing.life\/fr\/wp-json\/wp\/v2\/types\/page"}],"author":[{"embeddable":true,"href":"https:\/\/cubing.life\/fr\/wp-json\/wp\/v2\/users\/1"}],"replies":[{"embeddable":true,"href":"https:\/\/cubing.life\/fr\/wp-json\/wp\/v2\/comments?post=56"}],"version-history":[{"count":47,"href":"https:\/\/cubing.life\/fr\/wp-json\/wp\/v2\/pages\/56\/revisions"}],"predecessor-version":[{"id":1770,"href":"https:\/\/cubing.life\/fr\/wp-json\/wp\/v2\/pages\/56\/revisions\/1770"}],"wp:attachment":[{"href":"https:\/\/cubing.life\/fr\/wp-json\/wp\/v2\/media?parent=56"}],"curies":[{"name":"wp","href":"https:\/\/api.w.org\/{rel}","templated":true}]}}