{"id":414,"date":"2024-03-01T15:40:45","date_gmt":"2024-03-01T15:40:45","guid":{"rendered":"https:\/\/cubing.life\/?page_id=414"},"modified":"2024-03-01T15:44:58","modified_gmt":"2024-03-01T15:44:58","slug":"events","status":"publish","type":"page","link":"https:\/\/cubing.life\/fr\/events\/","title":{"rendered":"Activit\u00e9s"},"content":{"rendered":"<p>Activit\u00e9s \u00e0 venir et termin\u00e9es<\/p>\n\n\n<div ><style id=\"sp_pcp_dynamic_style357\">#pcp_wrapper-357:not(.sps-glossary-layout) .sp-pcp-row,#pcp_wrapper-357 .sps-glossary-items-group .sps-glossary-items-content {margin-right: -10px;margin-left: -10px;}#pcp_wrapper-357 .sp-pcp-row [class*='sp-pcp-col-']{padding-right: 10px;padding-left: 10px; padding-bottom:20px;}.pcp-wrapper-357 .sp-pcp-title a {color: #111;display: inherit;} .pcp-wrapper-357 .sp-pcp-title a:hover {color: #e1624b;}.pcp-wrapper-357 .sp-pcp-post-content{color: #444; }#pcp_wrapper-357 .sp-pcp-post {padding: 0 0 0 0;}#pcp_wrapper-357.sp-slider_layout .sp-pcp-post .sp-pcp-post-details {top: 0; right:0; bottom:0; left:0;}#pcp_wrapper-357 .sp-pcp-post {border: 0px solid #e2e2e2; border-radius: 0px }#pcp_wrapper-357 .sp-pcp-post{background-color: transparent;}#pcp_wrapper-357 .pcp-post-thumb-wrapper{border: 0px solid #dddddd;border-radius:0px;}.pcp-wrapper-357 .sp-pcp-post-meta li,.pcp-wrapper-357 .sp-pcp-post-meta ul,.pcp-wrapper-357 .sp-pcp-post-meta li a{color: #888;}.pcp-wrapper-357 .sp-pcp-post-meta li a:hover{color: #e1624b;}#pcp_wrapper-357 .pcp-readmore-link{ background: transparent; color: #111; border: 1px solid #888; border-radius: 0px; } #pcp_wrapper-357 .pcp-readmore-link:hover { background-color: #e1624b; color: #fff; border-color: #e1624b; }#pcp_wrapper-357 .pcp-post-pagination .page-numbers.current, #pcp_wrapper-357 .pcp-post-pagination a.active , #pcp_wrapper-357 .pcp-post-pagination a:hover{ color: #ffffff; background: #e1624b; border-color: #e1624b; }#pcp_wrapper-357 .pcp-post-pagination .page-numbers, .pcp-post-pagination a{ background: #ffffff; color:#5e5e5e; border: 2px solid #bbbbbb;border-radius: 2px; }#pcp_wrapper-357 .pcp-post-pagination{text-align: left;}@media (min-width: 1200px) {.sp-pcp-row .sp-pcp-col-xl-1 {flex: 0 0 100%;}.sp-pcp-row .sp-pcp-col-xl-2 {flex: 1 1 calc( 50% - 20px);}.sp-pcp-row .sp-pcp-col-xl-3 {flex: 1 1 calc( 33.333% - 20px);}.sp-pcp-row .sp-pcp-col-xl-4 {flex: 1 1 calc( 25% - 20px);}.sp-pcp-row .sp-pcp-col-xl-5 { flex: 1 1 calc( 20% - 20px);}.sp-pcp-row .sp-pcp-col-xl-6 {flex: 1 1 calc( 16.66666666666667% - 20px);}.sp-pcp-row .sp-pcp-col-xl-7 {flex: 1 1 calc( 14.28571428% - 20px);}.sp-pcp-row .sp-pcp-col-xl-8 {flex: 1 1 calc( 12.5% - 20px);}}@media (max-width: 1200px) {.sp-pcp-row .sp-pcp-col-lg-1 {flex: 0 0 100%;}.sp-pcp-row .sp-pcp-col-lg-2 {flex: 1 1 calc( 50% - 20px);}.sp-pcp-row .sp-pcp-col-lg-3 {flex: 1 1 calc( 33.333% - 20px);}.sp-pcp-row .sp-pcp-col-lg-4 {flex: 1 1 calc( 25% - 20px);}.sp-pcp-row .sp-pcp-col-lg-5 { flex: 1 1 calc( 20% - 20px);}.sp-pcp-row .sp-pcp-col-lg-6 {flex: 1 1 calc( 16.66666666666667% - 20px);}.sp-pcp-row .sp-pcp-col-lg-7 {flex: 1 1 calc( 14.28571428% - 20px);}.sp-pcp-row .sp-pcp-col-lg-8 {flex: 1 1 calc( 12.5% - 20px);}}@media (max-width: 992px) {.sp-pcp-row .sp-pcp-col-md-1 {flex: 0 0 100%;}.sp-pcp-row .sp-pcp-col-md-2 {flex: 1 1 calc( 50% - 20px);}.sp-pcp-row .sp-pcp-col-md-2-5 {flex: 0 0 75%;}.sp-pcp-row .sp-pcp-col-md-3 {flex: 1 1 calc( 33.333% - 20px);}.sp-pcp-row .sp-pcp-col-md-4 {flex: 1 1 calc( 25% - 20px);}.sp-pcp-row .sp-pcp-col-md-5 { flex: 1 1 calc( 20% - 20px);}.sp-pcp-row .sp-pcp-col-md-6 {flex: 1 1 calc( 16.66666666666667% - 20px);}.sp-pcp-row .sp-pcp-col-md-7 {flex: 1 1 calc( 14.28571428% - 20px);}.sp-pcp-row .sp-pcp-col-md-8 {flex: 1 1 calc( 12.5% - 20px);}}@media (max-width: 768px) {.sp-pcp-row .sp-pcp-col-sm-1 {flex: 0 0 100%;}.sp-pcp-row .sp-pcp-col-sm-2 {flex: 1 1 calc( 50% - 20px);}.sp-pcp-row .sp-pcp-col-sm-2-5 {flex: 0 0 75%;}.sp-pcp-row .sp-pcp-col-sm-3 {flex: 1 1 calc( 33.333% - 20px);}.sp-pcp-row .sp-pcp-col-sm-4 {flex: 1 1 calc( 25% - 20px);}.sp-pcp-row .sp-pcp-col-sm-5 { flex: 1 1 calc( 20% - 20px);}.sp-pcp-row .sp-pcp-col-sm-6 {flex: 1 1 calc( 16.66666666666667% - 20px);}.sp-pcp-row .sp-pcp-col-sm-7 {flex: 1 1 calc( 14.28571428% - 20px);}.sp-pcp-row .sp-pcp-col-sm-8 {flex: 1 1 calc( 12.5% - 20px);}}@media (max-width: 420px) {.sp-pcp-row .sp-pcp-col-xs-1 {flex: 0 0 100%;}.sp-pcp-row .sp-pcp-col-xs-2 {flex: 1 1 calc( 50% - 20px);}.sp-pcp-row .sp-pcp-col-xs-3 {flex: 1 1 calc( 33.333% - 20px);}.sp-pcp-row .sp-pcp-col-xs-4 {flex: 1 1 calc( 25% - 20px);}.sp-pcp-row .sp-pcp-col-xs-5 { flex: 1 1 calc( 20% - 20px);}.sp-pcp-row .sp-pcp-col-xs-6 {flex: 1 1 calc( 16.66666666666667% - 20px);}.sp-pcp-row .sp-pcp-col-xs-7 {flex: 1 1 calc( 14.28571428% - 20px);}.sp-pcp-row .sp-pcp-col-xs-8 {flex: 1 1 calc( 12.5% - 20px);}}<\/style>\n<div id=\"pcp_wrapper-357\" class=\"sp-pcp-section sp-pcp-container pcp-wrapper-357\">\n\t<div class=\"sp-pcp-row\">\n\t\t\t\t<div class=\"sp-pcp-col-xs-1 sp-pcp-col-sm-2 sp-pcp-col-md-2 sp-pcp-col-lg-2 sp-pcp-col-xl-3\">\n\t\t\t\t\t\t<div class=\"sp-pcp-post pcp-item-1185\" data-id=\"1185\">\n\t\t\t\t\t\t\t\t<div class=\"pcp-post-thumb-wrapper\">\n\t\t\t\t\t<div class=\"sp-pcp-post-thumb-area\">\n\t\t\t\t\t\t\t\t\t\t\t\t<a class=\"sp-pcp-thumb\" href=\"https:\/\/cubing.life\/fr\/tommy-cherry-3x3-blindfolded-viewer-solve-analysis-and-example-solves\/\" target=\"_self\" >\n\t\t\t\t\t\t\t\t\t\t\t\t\t<img fetchpriority=\"high\" decoding=\"async\" src=\"https:\/\/cubing.life\/wp-content\/uploads\/2024\/07\/tommy_image_2.png\" width=\"754\" height=\"703\" alt=\"\">\n\t\t\t\t\t\t<\/a>\n\t\t\t\t\t<\/div>\n\t\t\t\t<\/div>\n\t\t\t\t\t\t\t<h2 class=\"sp-pcp-title\">\n\t\t\t\t\t\t\t\t\t<a href=\"https:\/\/cubing.life\/fr\/tommy-cherry-3x3-blindfolded-viewer-solve-analysis-and-example-solves\/\"  target=\"_self\">Tommy Cherry &#8211; 3&#215;3 Blindfolded viewer solve analysis and example solves<\/a>\t\t\t\t\t\t\t<\/h2>\n\t\t\t\t\t\t<div class=\"sp-pcp-post-content\">\n\t\t\t<p>July 22nd &#8211; Tommy is a world-class speedcuber, widely considered to be the world\u2019s fastest at solving the Rubik\u2019s Cube Blindfolded. He currently holds the World Record, with a single fastest time of 12.00 seconds and best average time of 14.15 seconds, breaking the World Record 10 times in this category! In this stream, he [&hellip;]<\/p>\n\t\t<div class=\"sp-pcp-readmore\">\n\t\t\t\t\t\t\t<a class=\"pcp-readmore-link\" target=\"_self\" href=\"https:\/\/cubing.life\/fr\/tommy-cherry-3x3-blindfolded-viewer-solve-analysis-and-example-solves\/\" >\n\t\t\t\t\t\tEn savoir plus <\/a>\n\t\t<\/div>\n\t\t\t\t\t<\/div>\n\t\t\t\t\t\t<\/div>\n\t\t\t\t\t<\/div>\n\t\t\t\t<div class=\"sp-pcp-col-xs-1 sp-pcp-col-sm-2 sp-pcp-col-md-2 sp-pcp-col-lg-2 sp-pcp-col-xl-3\">\n\t\t\t\t\t\t<div class=\"sp-pcp-post pcp-item-1158\" data-id=\"1158\">\n\t\t\t\t\t\t\t\t<div class=\"pcp-post-thumb-wrapper\">\n\t\t\t\t\t<div class=\"sp-pcp-post-thumb-area\">\n\t\t\t\t\t\t\t\t\t\t\t\t<a class=\"sp-pcp-thumb\" href=\"https:\/\/cubing.life\/fr\/test-post\/\" target=\"_self\" >\n\t\t\t\t\t\t\t\t\t\t\t\t\t<img decoding=\"async\" src=\"https:\/\/cubing.life\/wp-content\/uploads\/2024\/06\/yusheng_poster_basic-1.png\" width=\"1226\" height=\"1260\" alt=\"\">\n\t\t\t\t\t\t<\/a>\n\t\t\t\t\t<\/div>\n\t\t\t\t<\/div>\n\t\t\t\t\t\t\t<h2 class=\"sp-pcp-title\">\n\t\t\t\t\t\t\t\t\t<a href=\"https:\/\/cubing.life\/fr\/test-post\/\"  target=\"_self\">Yusheng Du \u2013 How 3.47s changed my life, cubing in China and the World<\/a>\t\t\t\t\t\t\t<\/h2>\n\t\t\t\t\t\t<div class=\"sp-pcp-post-content\">\n\t\t\t<p>Yusheng Du (\u675c\u5b87\u751f) is a speedcuber from China, legendary for his 3.47 second World Record single which stood for 5 years as the longest held record in the history of cubing. He is now a full-time cuber with his own cube brand under MoYu (Huameng) and cubing academy Yushen Cube. In this stream, Antoine and [&hellip;]<\/p>\n\t\t<div class=\"sp-pcp-readmore\">\n\t\t\t\t\t\t\t<a class=\"pcp-readmore-link\" target=\"_self\" href=\"https:\/\/cubing.life\/fr\/test-post\/\" >\n\t\t\t\t\t\tEn savoir plus <\/a>\n\t\t<\/div>\n\t\t\t\t\t<\/div>\n\t\t\t\t\t\t<\/div>\n\t\t\t\t\t<\/div>\n\t\t\t\t<div class=\"sp-pcp-col-xs-1 sp-pcp-col-sm-2 sp-pcp-col-md-2 sp-pcp-col-lg-2 sp-pcp-col-xl-3\">\n\t\t\t\t\t\t<div class=\"sp-pcp-post pcp-item-1193\" data-id=\"1193\">\n\t\t\t\t\t\t\t\t<div class=\"pcp-post-thumb-wrapper\">\n\t\t\t\t\t<div class=\"sp-pcp-post-thumb-area\">\n\t\t\t\t\t\t\t\t\t\t\t\t<a class=\"sp-pcp-thumb\" href=\"https:\/\/cubing.life\/fr\/benjamin-kyle-speed-solving-the-pyraminx-layer-by-layer\/\" target=\"_self\" >\n\t\t\t\t\t\t\t\t\t\t\t\t\t<img decoding=\"async\" src=\"https:\/\/cubing.life\/wp-content\/uploads\/2024\/07\/ben_image_updated.png\" width=\"754\" height=\"701\" alt=\"\">\n\t\t\t\t\t\t<\/a>\n\t\t\t\t\t<\/div>\n\t\t\t\t<\/div>\n\t\t\t\t\t\t\t<h2 class=\"sp-pcp-title\">\n\t\t\t\t\t\t\t\t\t<a href=\"https:\/\/cubing.life\/fr\/benjamin-kyle-speed-solving-the-pyraminx-layer-by-layer\/\"  target=\"_self\">Benjamin Kyle &#8211; Speed solving the Pyraminx Layer by Layer<\/a>\t\t\t\t\t\t\t<\/h2>\n\t\t\t\t\t\t<div class=\"sp-pcp-post-content\">\n\t\t\t<p>July 9th &#8211; Ben has broken the World Record single for Pyraminx, and known for his highly efficient solves. He currently offers courses with Cubing Life focused on Pyraminx, in addition to beginner\/intermediate level courses for 3&#215;3. In this stream, Ben will start by going through the beginner\u2019s method for Pyraminx. After covering the basics, [&hellip;]<\/p>\n\t\t<div class=\"sp-pcp-readmore\">\n\t\t\t\t\t\t\t<a class=\"pcp-readmore-link\" target=\"_self\" href=\"https:\/\/cubing.life\/fr\/benjamin-kyle-speed-solving-the-pyraminx-layer-by-layer\/\" >\n\t\t\t\t\t\tEn savoir plus <\/a>\n\t\t<\/div>\n\t\t\t\t\t<\/div>\n\t\t\t\t\t\t<\/div>\n\t\t\t\t\t<\/div>\n\t\t\t\t<div class=\"sp-pcp-col-xs-1 sp-pcp-col-sm-2 sp-pcp-col-md-2 sp-pcp-col-lg-2 sp-pcp-col-xl-3\">\n\t\t\t\t\t\t<div class=\"sp-pcp-post pcp-item-1195\" data-id=\"1195\">\n\t\t\t\t\t\t\t\t<div class=\"pcp-post-thumb-wrapper\">\n\t\t\t\t\t<div class=\"sp-pcp-post-thumb-area\">\n\t\t\t\t\t\t\t\t\t\t\t\t<a class=\"sp-pcp-thumb\" href=\"https:\/\/cubing.life\/fr\/kian-mansour-sup-with-you-and-with-roux\/\" target=\"_self\" >\n\t\t\t\t\t\t\t\t\t\t\t\t\t<img loading=\"lazy\" decoding=\"async\" src=\"https:\/\/cubing.life\/wp-content\/uploads\/2024\/06\/Screenshot-2024-06-15-at-9.43.31-PM.png\" width=\"625\" height=\"550\" alt=\"\">\n\t\t\t\t\t\t<\/a>\n\t\t\t\t\t<\/div>\n\t\t\t\t<\/div>\n\t\t\t\t\t\t\t<h2 class=\"sp-pcp-title\">\n\t\t\t\t\t\t\t\t\t<a href=\"https:\/\/cubing.life\/fr\/kian-mansour-sup-with-you-and-with-roux\/\"  target=\"_self\">Kian Mansour &#8211; S\u2019up with you and with ROUX?<\/a>\t\t\t\t\t\t\t<\/h2>\n\t\t\t\t\t\t<div class=\"sp-pcp-post-content\">\n\t\t\t<p>June 20th &#8211; Kian is the first cuber to break a World Record using the Roux method, setting a ground-breaking 9.54 one-handed average in 2018. His tremendous contributions have set the foundation for the modern Roux movement, which is increasingly positioning Roux as the top method for one-handed solving. In this stream, Antoine and Kian [&hellip;]<\/p>\n\t\t<div class=\"sp-pcp-readmore\">\n\t\t\t\t\t\t\t<a class=\"pcp-readmore-link\" target=\"_self\" href=\"https:\/\/cubing.life\/fr\/kian-mansour-sup-with-you-and-with-roux\/\" >\n\t\t\t\t\t\tEn savoir plus <\/a>\n\t\t<\/div>\n\t\t\t\t\t<\/div>\n\t\t\t\t\t\t<\/div>\n\t\t\t\t\t<\/div>\n\t\t\t\t<div class=\"sp-pcp-col-xs-1 sp-pcp-col-sm-2 sp-pcp-col-md-2 sp-pcp-col-lg-2 sp-pcp-col-xl-3\">\n\t\t\t\t\t\t<div class=\"sp-pcp-post pcp-item-1198\" data-id=\"1198\">\n\t\t\t\t\t\t\t\t<div class=\"pcp-post-thumb-wrapper\">\n\t\t\t\t\t<div class=\"sp-pcp-post-thumb-area\">\n\t\t\t\t\t\t\t\t\t\t\t\t<a class=\"sp-pcp-thumb\" href=\"https:\/\/cubing.life\/fr\/benjamin-kyle-pyraminx-solve-analysis-and-walkthroughs\/\" target=\"_self\" >\n\t\t\t\t\t\t\t\t\t\t\t\t\t<img loading=\"lazy\" decoding=\"async\" src=\"https:\/\/cubing.life\/wp-content\/uploads\/2024\/03\/picture_pyraminx.jpg\" width=\"1221\" height=\"1197\" alt=\"\">\n\t\t\t\t\t\t<\/a>\n\t\t\t\t\t<\/div>\n\t\t\t\t<\/div>\n\t\t\t\t\t\t\t<h2 class=\"sp-pcp-title\">\n\t\t\t\t\t\t\t\t\t<a href=\"https:\/\/cubing.life\/fr\/benjamin-kyle-pyraminx-solve-analysis-and-walkthroughs\/\"  target=\"_self\">Benjamin Kyle &#8211; Pyraminx solve analysis and walkthroughs<\/a>\t\t\t\t\t\t\t<\/h2>\n\t\t\t\t\t\t<div class=\"sp-pcp-post-content\">\n\t\t\t<p>June 12th &#8211; Ben has broken the World Record single for this event, and known for his highly efficient solves. He currently offers courses with Cubing Life focused on Pyraminx, in addition to beginner\/intermediate level courses for 3&#215;3. Watch him live during the stream as he analyzes primarily Pyraminx solves of audience members and his [&hellip;]<\/p>\n\t\t<div class=\"sp-pcp-readmore\">\n\t\t\t\t\t\t\t<a class=\"pcp-readmore-link\" target=\"_self\" href=\"https:\/\/cubing.life\/fr\/benjamin-kyle-pyraminx-solve-analysis-and-walkthroughs\/\" >\n\t\t\t\t\t\tEn savoir plus <\/a>\n\t\t<\/div>\n\t\t\t\t\t<\/div>\n\t\t\t\t\t\t<\/div>\n\t\t\t\t\t<\/div>\n\t\t\t\t<div class=\"sp-pcp-col-xs-1 sp-pcp-col-sm-2 sp-pcp-col-md-2 sp-pcp-col-lg-2 sp-pcp-col-xl-3\">\n\t\t\t\t\t\t<div class=\"sp-pcp-post pcp-item-1200\" data-id=\"1200\">\n\t\t\t\t\t\t\t\t<div class=\"pcp-post-thumb-wrapper\">\n\t\t\t\t\t<div class=\"sp-pcp-post-thumb-area\">\n\t\t\t\t\t\t\t\t\t\t\t\t<a class=\"sp-pcp-thumb\" href=\"https:\/\/cubing.life\/fr\/tommy-cherry-how-to-be-a-good-all-round-cuber-and-maintain-high-rankings-in-many-events\/\" target=\"_self\" >\n\t\t\t\t\t\t\t\t\t\t\t\t\t<img loading=\"lazy\" decoding=\"async\" src=\"https:\/\/cubing.life\/wp-content\/uploads\/2024\/02\/Tommy.jpeg\" width=\"750\" height=\"734\" alt=\"\">\n\t\t\t\t\t\t<\/a>\n\t\t\t\t\t<\/div>\n\t\t\t\t<\/div>\n\t\t\t\t\t\t\t<h2 class=\"sp-pcp-title\">\n\t\t\t\t\t\t\t\t\t<a href=\"https:\/\/cubing.life\/fr\/tommy-cherry-how-to-be-a-good-all-round-cuber-and-maintain-high-rankings-in-many-events\/\"  target=\"_self\">Tommy Cherry &#8211; How to be a good all-round cuber and maintain high rankings in many events<\/a>\t\t\t\t\t\t\t<\/h2>\n\t\t\t\t\t\t<div class=\"sp-pcp-post-content\">\n\t\t\t<p>June 5th &#8211; Tommy is well known for his exploits in Blindfolded soling and Clock, which he teaches at Cubing Life Academy. What you may not know is that Tommy has competed in all 17 WCA events, and is ranked top 250 in the World in&nbsp;ALL&nbsp;37 official categories! In this stream, Tommy will go through [&hellip;]<\/p>\n\t\t<div class=\"sp-pcp-readmore\">\n\t\t\t\t\t\t\t<a class=\"pcp-readmore-link\" target=\"_self\" href=\"https:\/\/cubing.life\/fr\/tommy-cherry-how-to-be-a-good-all-round-cuber-and-maintain-high-rankings-in-many-events\/\" >\n\t\t\t\t\t\tEn savoir plus <\/a>\n\t\t<\/div>\n\t\t\t\t\t<\/div>\n\t\t\t\t\t\t<\/div>\n\t\t\t\t\t<\/div>\n\t\t\t\t<div class=\"sp-pcp-col-xs-1 sp-pcp-col-sm-2 sp-pcp-col-md-2 sp-pcp-col-lg-2 sp-pcp-col-xl-3\">\n\t\t\t\t\t\t<div class=\"sp-pcp-post pcp-item-1202\" data-id=\"1202\">\n\t\t\t\t\t\t\t\t<div class=\"pcp-post-thumb-wrapper\">\n\t\t\t\t\t<div class=\"sp-pcp-post-thumb-area\">\n\t\t\t\t\t\t\t\t\t\t\t\t<a class=\"sp-pcp-thumb\" href=\"https:\/\/cubing.life\/fr\/patrick-ponce-3x3-solve-analysis-and-example-solves\/\" target=\"_self\" >\n\t\t\t\t\t\t\t\t\t\t\t\t\t<img loading=\"lazy\" decoding=\"async\" src=\"https:\/\/cubing.life\/wp-content\/uploads\/2024\/05\/patrick_solving.jpeg\" width=\"1440\" height=\"1440\" alt=\"\">\n\t\t\t\t\t\t<\/a>\n\t\t\t\t\t<\/div>\n\t\t\t\t<\/div>\n\t\t\t\t\t\t\t<h2 class=\"sp-pcp-title\">\n\t\t\t\t\t\t\t\t\t<a href=\"https:\/\/cubing.life\/fr\/patrick-ponce-3x3-solve-analysis-and-example-solves\/\"  target=\"_self\">Patrick Ponce &#8211; 3&#215;3 solve analysis and example solves<\/a>\t\t\t\t\t\t\t<\/h2>\n\t\t\t\t\t\t<div class=\"sp-pcp-post-content\">\n\t\t\t<p>June 1st &#8211; Patrick has broken the World Record in both 3&#215;3 and 3&#215;3 one-handed events. He is also a Cubing Life Academy teacher, offering&nbsp;solve analysis and coaching lessons. Ever wonder what that looks like? Watch him LIVE during this stream. Want to be one of the lucky ones to get your solves analyzed for [&hellip;]<\/p>\n\t\t<div class=\"sp-pcp-readmore\">\n\t\t\t\t\t\t\t<a class=\"pcp-readmore-link\" target=\"_self\" href=\"https:\/\/cubing.life\/fr\/patrick-ponce-3x3-solve-analysis-and-example-solves\/\" >\n\t\t\t\t\t\tEn savoir plus <\/a>\n\t\t<\/div>\n\t\t\t\t\t<\/div>\n\t\t\t\t\t\t<\/div>\n\t\t\t\t\t<\/div>\n\t\t\t\t<div class=\"sp-pcp-col-xs-1 sp-pcp-col-sm-2 sp-pcp-col-md-2 sp-pcp-col-lg-2 sp-pcp-col-xl-3\">\n\t\t\t\t\t\t<div class=\"sp-pcp-post pcp-item-851\" data-id=\"851\">\n\t\t\t\t\t\t\t\t<div class=\"pcp-post-thumb-wrapper\">\n\t\t\t\t\t<div class=\"sp-pcp-post-thumb-area\">\n\t\t\t\t\t\t\t\t\t\t\t\t<a class=\"sp-pcp-thumb\" href=\"https:\/\/cubing.life\/fr\/weekly-livestreams\/\" target=\"_self\" >\n\t\t\t\t\t\t\t\t\t\t\t\t\t<img loading=\"lazy\" decoding=\"async\" src=\"https:\/\/cubing.life\/wp-content\/uploads\/2024\/05\/livestream_summary_june.png\" width=\"2560\" height=\"1440\" alt=\"\">\n\t\t\t\t\t\t<\/a>\n\t\t\t\t\t<\/div>\n\t\t\t\t<\/div>\n\t\t\t\t\t\t\t<h2 class=\"sp-pcp-title\">\n\t\t\t\t\t\t\t\t\t<a href=\"https:\/\/cubing.life\/fr\/weekly-livestreams\/\"  target=\"_self\">Weekly Livestreams<\/a>\t\t\t\t\t\t\t<\/h2>\n\t\t\t\t\t\t<div class=\"sp-pcp-post-content\">\n\t\t\t<p>We&#8217;re officially starting weekly livestreams next Saturday with our newest member Patrick Ponce to kick it off! This also includes Tommy Cherry, Ben Kyle, Antoine Cantin and a mystery guest. Contact us to prepare questions for the guests, submit solves to analyze or get more info! Visit the livestream page for full details including the [&hellip;]<\/p>\n\t\t<div class=\"sp-pcp-readmore\">\n\t\t\t\t\t\t\t<a class=\"pcp-readmore-link\" target=\"_self\" href=\"https:\/\/cubing.life\/fr\/weekly-livestreams\/\" >\n\t\t\t\t\t\tEn savoir plus <\/a>\n\t\t<\/div>\n\t\t\t\t\t<\/div>\n\t\t\t\t\t\t<\/div>\n\t\t\t\t\t<\/div>\n\t\t\t\t<div class=\"sp-pcp-col-xs-1 sp-pcp-col-sm-2 sp-pcp-col-md-2 sp-pcp-col-lg-2 sp-pcp-col-xl-3\">\n\t\t\t\t\t\t<div class=\"sp-pcp-post pcp-item-355\" data-id=\"355\">\n\t\t\t\t\t\t\t\t<div class=\"pcp-post-thumb-wrapper\">\n\t\t\t\t\t<div class=\"sp-pcp-post-thumb-area\">\n\t\t\t\t\t\t\t\t\t\t\t\t<a class=\"sp-pcp-thumb\" href=\"https:\/\/cubing.life\/fr\/tommy-cherry-cubing-seminar\/\" target=\"_self\" >\n\t\t\t\t\t\t\t\t\t\t\t\t\t<img loading=\"lazy\" decoding=\"async\" src=\"https:\/\/cubing.life\/wp-content\/uploads\/2024\/03\/Screenshot-2024-02-29-at-6.37.58-AM.png\" width=\"2402\" height=\"1534\" alt=\"\">\n\t\t\t\t\t\t<\/a>\n\t\t\t\t\t<\/div>\n\t\t\t\t<\/div>\n\t\t\t\t\t\t\t<h2 class=\"sp-pcp-title\">\n\t\t\t\t\t\t\t\t\t<a href=\"https:\/\/cubing.life\/fr\/tommy-cherry-cubing-seminar\/\"  target=\"_self\">Tommy Cherry Cubing Seminar<\/a>\t\t\t\t\t\t\t<\/h2>\n\t\t\t\t\t\t<div class=\"sp-pcp-post-content\">\n\t\t\t<p>February 27th 2024 &#8211;&nbsp; Current 3&#215;3 Blindfolded World Record holder and Cubing Life teacher Tommy Cherry shared his cubing experience at our location in Montreal. His presentation Peaks and Valleys of my Cubing Journey was then followed by amazing demonstrations of his skills, a Q&amp;A session and sharing of tips and tricks.\u00a0 A video of [&hellip;]<\/p>\n\t\t<div class=\"sp-pcp-readmore\">\n\t\t\t\t\t\t\t<a class=\"pcp-readmore-link\" target=\"_self\" href=\"https:\/\/cubing.life\/fr\/tommy-cherry-cubing-seminar\/\" >\n\t\t\t\t\t\tEn savoir plus <\/a>\n\t\t<\/div>\n\t\t\t\t\t<\/div>\n\t\t\t\t\t\t<\/div>\n\t\t\t\t\t<\/div>\n\t\t\t\t<div class=\"sp-pcp-col-xs-1 sp-pcp-col-sm-2 sp-pcp-col-md-2 sp-pcp-col-lg-2 sp-pcp-col-xl-3\">\n\t\t\t\t\t\t<div class=\"sp-pcp-post pcp-item-395\" data-id=\"395\">\n\t\t\t\t\t\t\t\t<div class=\"pcp-post-thumb-wrapper\">\n\t\t\t\t\t<div class=\"sp-pcp-post-thumb-area\">\n\t\t\t\t\t\t\t\t\t\t\t\t<a class=\"sp-pcp-thumb\" href=\"https:\/\/cubing.life\/fr\/defi-jeunesse-montreal-2023\/\" target=\"_self\" >\n\t\t\t\t\t\t\t\t\t\t\t\t\t<img loading=\"lazy\" decoding=\"async\" src=\"https:\/\/cubing.life\/wp-content\/uploads\/2024\/02\/picture.jpg\" width=\"1706\" height=\"1278\" alt=\"\">\n\t\t\t\t\t\t<\/a>\n\t\t\t\t\t<\/div>\n\t\t\t\t<\/div>\n\t\t\t\t\t\t\t<h2 class=\"sp-pcp-title\">\n\t\t\t\t\t\t\t\t\t<a href=\"https:\/\/cubing.life\/fr\/defi-jeunesse-montreal-2023\/\"  target=\"_self\">D\u00e9fi Jeunesse Montr\u00e9al 2023<\/a>\t\t\t\t\t\t\t<\/h2>\n\t\t\t\t\t\t<div class=\"sp-pcp-post-content\">\n\t\t\t<p>Dec 3rd 2023 &#8211;\u00a0 The founders of Cubing Life &#8211; Antoine Cantin and CEF Montreal organized the D\u00e9fi Jeunesse Montr\u00e9al Competition in December 2023 in conjunction with Speedcubing Canada. We are excited to continue supporting more competitions and events in the future. See full results here.<\/p>\n\t\t<div class=\"sp-pcp-readmore\">\n\t\t\t\t\t\t\t<a class=\"pcp-readmore-link\" target=\"_self\" href=\"https:\/\/cubing.life\/fr\/defi-jeunesse-montreal-2023\/\" >\n\t\t\t\t\t\tEn savoir plus <\/a>\n\t\t<\/div>\n\t\t\t\t\t<\/div>\n\t\t\t\t\t\t<\/div>\n\t\t\t\t\t<\/div>\n\t\t\t<\/div>\n\t\t<span class=\"sp-pcp-pagination-data\" style=\"display:none;\"><\/span>\n\n\t\t<nav class=\"pcp-post-pagination pcp-on-desktop\">\n\t\t\t\t\t<\/nav>\n\t\t\t\t\t<nav class=\"pcp-post-pagination pcp-on-mobile\">\n\t\t\t\t\t<\/nav>\n\t\t\t\t<\/div>\n<\/div>","protected":false},"excerpt":{"rendered":"<p>Activit\u00e9s \u00e0 venir et termin\u00e9es<\/p>","protected":false},"author":2,"featured_media":0,"parent":0,"menu_order":0,"comment_status":"closed","ping_status":"closed","template":"","meta":{"om_disable_all_campaigns":false,"_monsterinsights_skip_tracking":false,"_monsterinsights_sitenote_active":false,"_monsterinsights_sitenote_note":"","_monsterinsights_sitenote_category":0,"footnotes":""},"aioseo_notices":[],"jetpack_sharing_enabled":true,"_links":{"self":[{"href":"https:\/\/cubing.life\/fr\/wp-json\/wp\/v2\/pages\/414"}],"collection":[{"href":"https:\/\/cubing.life\/fr\/wp-json\/wp\/v2\/pages"}],"about":[{"href":"https:\/\/cubing.life\/fr\/wp-json\/wp\/v2\/types\/page"}],"author":[{"embeddable":true,"href":"https:\/\/cubing.life\/fr\/wp-json\/wp\/v2\/users\/2"}],"replies":[{"embeddable":true,"href":"https:\/\/cubing.life\/fr\/wp-json\/wp\/v2\/comments?post=414"}],"version-history":[{"count":1,"href":"https:\/\/cubing.life\/fr\/wp-json\/wp\/v2\/pages\/414\/revisions"}],"predecessor-version":[{"id":415,"href":"https:\/\/cubing.life\/fr\/wp-json\/wp\/v2\/pages\/414\/revisions\/415"}],"wp:attachment":[{"href":"https:\/\/cubing.life\/fr\/wp-json\/wp\/v2\/media?parent=414"}],"curies":[{"name":"wp","href":"https:\/\/api.w.org\/{rel}","templated":true}]}}