{"id":245,"date":"2024-02-25T06:01:27","date_gmt":"2024-02-25T06:01:27","guid":{"rendered":"https:\/\/cubing.life\/?page_id=245"},"modified":"2024-03-17T06:55:21","modified_gmt":"2024-03-17T06:55:21","slug":"subscribe","status":"publish","type":"page","link":"https:\/\/cubing.life\/fr\/subscribe\/","title":{"rendered":"Abonnez-vous"},"content":{"rendered":"<div data-elementor-type=\"wp-page\" data-elementor-id=\"245\" class=\"elementor elementor-245\">\n\t\t\t\t<div class=\"elementor-element elementor-element-a4a64ec e-flex e-con-boxed e-con e-parent\" data-id=\"a4a64ec\" data-element_type=\"container\">\n\t\t\t\t\t<div class=\"e-con-inner\">\n\t\t\t\t<div class=\"elementor-element elementor-element-8ebc88f elementor-widget elementor-widget-text-editor\" data-id=\"8ebc88f\" data-element_type=\"widget\" data-widget_type=\"text-editor.default\">\n\t\t\t\t<div class=\"elementor-widget-container\">\n\t\t\t\t\t\t\t<p><strong>Abonnez-vous<\/strong><\/p><p>Remplissez vos coordonn\u00e9es pour recevoir toutes les nouvelles informations sur les cours, activit\u00e9s et \u00e9v\u00e9nements de l'Acad\u00e9mie Cubing Life. Vous pouvez annuler \u00e0 tout moment.<\/p><p><em><span style=\"text-align: var(--text-align); background-color: var( --e-global-color-c696dce ); font-family: -apple-system, BlinkMacSystemFont, 'Segoe UI', Roboto, 'Helvetica Neue', Arial, 'Noto Sans', sans-serif, 'Apple Color Emoji', 'Segoe UI Emoji', 'Segoe UI Symbol', 'Noto Color Emoji'; font-size: 1rem;\">Notez que Gmail classifie parfois nos lettres comme promotion. Assurez-vous de v\u00e9rifier \u00e0 cet endroit si vous ne recevez pas de messages.<\/span><\/em><\/p>\t\t\t\t\t\t<\/div>\n\t\t\t\t<\/div>\n\t\t\t\t\t<\/div>\n\t\t\t\t<\/div>\n\t\t<div class=\"elementor-element elementor-element-756ec08 e-con-full e-flex e-con e-parent\" data-id=\"756ec08\" data-element_type=\"container\">\n\t\t\t\t<div class=\"elementor-element elementor-element-ec4a220 elementor-widget elementor-widget-html\" data-id=\"ec4a220\" data-element_type=\"widget\" data-widget_type=\"html.default\">\n\t\t\t\t<div class=\"elementor-widget-container\">\n\t\t\t<div id=\"mc_embed_shell\">\n      <link href=\"\/\/cdn-images.mailchimp.com\/embedcode\/classic-061523.css\" rel=\"stylesheet\" type=\"text\/css\">\n  <style type=\"text\/css\">\n        #mc_embed_signup{background:#fff; false;clear:left; font:14px Helvetica,Arial,sans-serif; width: 600px;}\n        \/* Add your own Mailchimp form style overrides in your site stylesheet or in this style block.\n           We recommend moving this block and the preceding CSS link to the HEAD of your HTML file. *\/\n<\/style>\n<div id=\"mc_embed_signup\">\n    <form action=\"https:\/\/life.us18.list-manage.com\/subscribe\/post?u=a3686c84fd76cf9ae608f7d73&#038;id=8f9203aaa5&#038;f_id=00f535e1f0\" method=\"post\" id=\"mc-embedded-subscribe-form\" name=\"mc-embedded-subscribe-form\" class=\"validate\" target=\"_blank\" data-trp-original-action=\"https:\/\/life.us18.list-manage.com\/subscribe\/post?u=a3686c84fd76cf9ae608f7d73&amp;id=8f9203aaa5&amp;f_id=00f535e1f0\">\n        <div id=\"mc_embed_signup_scroll\">\n            <div class=\"indicates-required\"><span class=\"asterisk\">*<\/span> informations obligatoires<\/div>\n            <div class=\"mc-field-group\"><label for=\"mce-EMAIL\">Adresse courriel <span class=\"asterisk\">*<\/span><\/label><input type=\"email\" name=\"EMAIL\" class=\"required email\" id=\"mce-EMAIL\" required=\"\" value=\"\"><\/div><div class=\"mc-field-group\"><label for=\"mce-FNAME\">Pr\u00e9nom <\/label><input type=\"text\" name=\"FNAME\" class=\"text\" id=\"mce-FNAME\" value=\"\"><\/div><div class=\"mc-field-group\"><label for=\"mce-LNAME\">Nom <\/label><input type=\"text\" name=\"LNAME\" class=\"text\" id=\"mce-LNAME\" value=\"\"><\/div><div class=\"mc-field-group input-group\"><strong>Je suis... <span class=\"asterisk\">*<\/span><\/strong><ul><li><input type=\"radio\" name=\"ROLE\" id=\"mce-ROLE0\" value=\"Already a cuber\"><label for=\"mce-ROLE0\">D\u00e9j\u00e0 un cubeur<\/label><\/li><li><input type=\"radio\" name=\"ROLE\" id=\"mce-ROLE1\" value=\"Can't solve yet, but interested\"><label for=\"mce-ROLE1\">Je ne peux pas encore r\u00e9soudre, mais int\u00e9ress\u00e9 d'apprendre!<\/label><\/li><li><input type=\"radio\" name=\"ROLE\" id=\"mce-ROLE2\" value=\"Parent\"><label for=\"mce-ROLE2\">Parent<\/label><\/li><li><input type=\"radio\" name=\"ROLE\" id=\"mce-ROLE3\" value=\"Other\"><label for=\"mce-ROLE3\">Autre<\/label><\/li><\/ul><\/div><div class=\"mc-field-group input-group\"><strong>Votre emplacement <span class=\"asterisk\">*<\/span><\/strong><ul><li><input type=\"radio\" name=\"LOCATION\" id=\"mce-LOCATION0\" value=\"Montreal area\"><label for=\"mce-LOCATION0\">R\u00e9gion de Montr\u00e9al<\/label><\/li><li><input type=\"radio\" name=\"LOCATION\" id=\"mce-LOCATION1\" value=\"Canada\"><label for=\"mce-LOCATION1\">Canada<\/label><\/li><li><input type=\"radio\" name=\"LOCATION\" id=\"mce-LOCATION2\" value=\"USA\"><label for=\"mce-LOCATION2\">\u00c9-U<\/label><\/li><li><input type=\"radio\" name=\"LOCATION\" id=\"mce-LOCATION3\" value=\"Other\"><label for=\"mce-LOCATION3\">Autre<\/label><\/li><\/ul><\/div><div class=\"mc-field-group\"><label for=\"mce-INTEREST1\">Le suivant m'int\u00e9resse particuli\u00e8rement <\/label><select name=\"INTEREST1\" class=\"\" id=\"mce-INTEREST1\"><option value=\"\"><\/option><option value=\"Courses (group)\">Cours de groupe<\/option><option value=\"Coaching (individual)\">Cours individuels<\/option><option value=\"Regular meetups\">Rencontres de cubeurs<\/option><option value=\"Cuber seminars\">S\u00e9minaires par cubeurs de haut calibre<\/option><option value=\"Cubing camps\">Camps de cube<\/option><option value=\"Other cubing related events\">Autres activit\u00e9s en lien avec le cube<\/option><\/select><\/div><div class=\"mc-field-group\"><label for=\"mce-INTEREST2\">Le suivant m'int\u00e9resse aussi... <\/label><select name=\"INTEREST2\" class=\"\" id=\"mce-INTEREST2\"><option value=\"\"><\/option><option value=\"Courses (group)\">Cours de groupe<\/option><option value=\"Coaching (individual)\">Cours individuels<\/option><option value=\"Regular meetups\">Rencontres de cubeurs<\/option><option value=\"Cuber seminars\">S\u00e9minaires par cubeurs de haut calibre<\/option><option value=\"Cubing camps\">Camps de cube<\/option><option value=\"Other cubing related events\">Autres activit\u00e9s en lien avec le cube<\/option><\/select><\/div>\n<div hidden=\"\"><input type=\"hidden\" name=\"tags\" value=\"893309\"><\/div>\n        <div id=\"mce-responses\" class=\"clear foot\">\n            <div class=\"response\" id=\"mce-error-response\" style=\"display: none;\"><\/div>\n            <div class=\"response\" id=\"mce-success-response\" style=\"display: none;\"><\/div>\n        <\/div>\n    <div aria-hidden=\"true\" style=\"position: absolute; left: -5000px;\">\n        \/* real people should not fill this in and expect good things - do not remove this or risk form bot signups *\/\n        <input type=\"text\" name=\"b_a3686c84fd76cf9ae608f7d73_8f9203aaa5\" tabindex=\"-1\" value=\"\">\n    <\/div>\n        <div class=\"optionalParent\">\n            <div class=\"clear foot\">\n                <input type=\"submit\" name=\"subscribe\" id=\"mc-embedded-subscribe\" class=\"button\" value=\"Abonnez-vous\">\n                <p style=\"margin: 0px auto;\"><a href=\"http:\/\/eepurl.com\/iKK7S-\" title=\"Mailchimp\"><span style=\"display: inline-block; background-color: transparent; border-radius: 4px;\"><img decoding=\"async\" class=\"refferal_badge\" src=\"https:\/\/digitalasset.intuit.com\/render\/content\/dam\/intuit\/mc-fe\/en_us\/images\/intuit-mc-rewards-text-dark.svg\" alt=\"Intuit Mailchimp\" style=\"width: 220px; height: 40px; display: flex; padding: 2px 0px; justify-content: center; align-items: center;\"><\/span><\/a><\/p>\n            <\/div>\n        <\/div>\n    <\/div>\n<input type=\"hidden\" name=\"trp-form-language\" value=\"fr\"\/><\/form>\n<\/div>\n<script type=\"text\/javascript\" src=\"\/\/s3.amazonaws.com\/downloads.mailchimp.com\/js\/mc-validate.js\"><\/script><script type=\"text\/javascript\">(function($) {window.fnames = new Array(); window.ftypes = new Array();fnames[0]='EMAIL';ftypes[0]='email';fnames[1]='FNAME';ftypes[1]='text';fnames[2]='LNAME';ftypes[2]='text';fnames[9]='ROLE';ftypes[9]='radio';fnames[12]='LOCATION';ftypes[12]='radio';fnames[13]='INTEREST1';ftypes[13]='dropdown';fnames[14]='INTEREST2';ftypes[14]='dropdown';fnames[6]='ENGLISH';ftypes[6]='radio';fnames[7]='FRENCH';ftypes[7]='radio';fnames[8]='CHINESE';ftypes[8]='radio';fnames[10]='COURSETYPE';ftypes[10]='text';fnames[11]='PRICE';ftypes[11]='number';}(jQuery));var $mcj = jQuery.noConflict(true);<\/script><\/div>\n\t\t<\/div>\n\t\t\t\t<\/div>\n\t\t\t\t<\/div>\n\t\t\t\t<\/div>","protected":false},"excerpt":{"rendered":"<p>Subscribe to our mailing list Enter your contact information to receive updates about courses, events, and other news. You may unsubscribe at any moment. Note that the newsletters may get classified as promotions by Gmail. Make sure to check there if you cannot see any messages. * indicates required Email Address *First Name Last Name [&hellip;]<\/p>","protected":false},"author":1,"featured_media":0,"parent":0,"menu_order":0,"comment_status":"closed","ping_status":"closed","template":"","meta":{"om_disable_all_campaigns":false,"_monsterinsights_skip_tracking":false,"_monsterinsights_sitenote_active":false,"_monsterinsights_sitenote_note":"","_monsterinsights_sitenote_category":0,"footnotes":""},"aioseo_notices":[],"jetpack_sharing_enabled":true,"_links":{"self":[{"href":"https:\/\/cubing.life\/fr\/wp-json\/wp\/v2\/pages\/245"}],"collection":[{"href":"https:\/\/cubing.life\/fr\/wp-json\/wp\/v2\/pages"}],"about":[{"href":"https:\/\/cubing.life\/fr\/wp-json\/wp\/v2\/types\/page"}],"author":[{"embeddable":true,"href":"https:\/\/cubing.life\/fr\/wp-json\/wp\/v2\/users\/1"}],"replies":[{"embeddable":true,"href":"https:\/\/cubing.life\/fr\/wp-json\/wp\/v2\/comments?post=245"}],"version-history":[{"count":28,"href":"https:\/\/cubing.life\/fr\/wp-json\/wp\/v2\/pages\/245\/revisions"}],"predecessor-version":[{"id":548,"href":"https:\/\/cubing.life\/fr\/wp-json\/wp\/v2\/pages\/245\/revisions\/548"}],"wp:attachment":[{"href":"https:\/\/cubing.life\/fr\/wp-json\/wp\/v2\/media?parent=245"}],"curies":[{"name":"wp","href":"https:\/\/api.w.org\/{rel}","templated":true}]}}